{"id":11,"date":"2018-04-17T09:29:14","date_gmt":"2018-04-17T09:29:14","guid":{"rendered":"http:\/\/www.burundi.nu\/?page_id=11"},"modified":"2018-04-17T09:29:14","modified_gmt":"2018-04-17T09:29:14","slug":"om-sidan","status":"publish","type":"page","link":"https:\/\/www.burundi.nu\/?page_id=11","title":{"rendered":"Om sidan"},"content":{"rendered":"<p>Denna webbplats \u00e4r dedikerad \u00e5t det vackra landet Burundi. Vi \u00e4r tv\u00e5 svenskar som gillar att resa v\u00e4rlden \u00f6ver och Afrika ligger oss n\u00e4ra hj\u00e4rtat. H\u00e4r kan du l\u00e4sa om det senaste om p\u00e5g\u00e5r i landet men ocks\u00e5 personliga tankar och \u00e5sikter. Genom att bes\u00f6ka oss s\u00e5 ofta du kan s\u00e5 kommer du nog l\u00e4ra dig saker som du inte k\u00e4nde till om Burundi.<\/p>\n<p>Varma kramar<br \/>\n\/Angelica och Ida<\/p>\n","protected":false},"excerpt":{"rendered":"<p>Denna webbplats \u00e4r dedikerad \u00e5t det vackra landet Burundi. Vi \u00e4r tv\u00e5 svenskar som gillar att resa v\u00e4rlden \u00f6ver och Afrika ligger oss n\u00e4ra hj\u00e4rtat. H\u00e4r kan du l\u00e4sa om det senaste om p\u00e5g\u00e5r i landet men ocks\u00e5 personliga tankar och \u00e5sikter. Genom att bes\u00f6ka oss s\u00e5 ofta du kan s\u00e5 kommer du nog l\u00e4ra [&hellip;]<\/p>\n","protected":false},"author":1,"featured_media":0,"parent":0,"menu_order":0,"comment_status":"closed","ping_status":"closed","template":"","meta":{"footnotes":""},"_links":{"self":[{"href":"https:\/\/www.burundi.nu\/index.php?rest_route=\/wp\/v2\/pages\/11"}],"collection":[{"href":"https:\/\/www.burundi.nu\/index.php?rest_route=\/wp\/v2\/pages"}],"about":[{"href":"https:\/\/www.burundi.nu\/index.php?rest_route=\/wp\/v2\/types\/page"}],"author":[{"embeddable":true,"href":"https:\/\/www.burundi.nu\/index.php?rest_route=\/wp\/v2\/users\/1"}],"replies":[{"embeddable":true,"href":"https:\/\/www.burundi.nu\/index.php?rest_route=%2Fwp%2Fv2%2Fcomments&post=11"}],"version-history":[{"count":1,"href":"https:\/\/www.burundi.nu\/index.php?rest_route=\/wp\/v2\/pages\/11\/revisions"}],"predecessor-version":[{"id":12,"href":"https:\/\/www.burundi.nu\/index.php?rest_route=\/wp\/v2\/pages\/11\/revisions\/12"}],"wp:attachment":[{"href":"https:\/\/www.burundi.nu\/index.php?rest_route=%2Fwp%2Fv2%2Fmedia&parent=11"}],"curies":[{"name":"wp","href":"https:\/\/api.w.org\/{rel}","templated":true}]}}